{"id":40336,"date":"2025-02-02T23:41:39","date_gmt":"2025-02-02T23:41:39","guid":{"rendered":"https:\/\/drrogeliovillanueva.com\/beta\/?page_id=40336"},"modified":"2025-02-02T23:42:52","modified_gmt":"2025-02-02T23:42:52","slug":"mommy-makeover","status":"publish","type":"page","link":"https:\/\/drrogeliovillanueva.com\/en\/mommy-makeover\/","title":{"rendered":"Mommy Makeover"},"content":{"rendered":"<div data-elementor-type=\"wp-page\" data-elementor-id=\"40336\" class=\"elementor elementor-40336\">\n\t\t\t\t<div class=\"elementor-element elementor-element-2773b07 e-flex e-con-boxed cmsmasters-block-default e-con e-parent\" data-id=\"2773b07\" data-element_type=\"container\" data-e-type=\"container\">\n\t\t\t\t\t<div class=\"e-con-inner\">\n\t\t\t\t<div class=\"elementor-element elementor-element-3641796a cmsmasters-block-default cmsmasters-sticky-default elementor-widget elementor-widget-spacer\" data-id=\"3641796a\" data-element_type=\"widget\" data-e-type=\"widget\" data-widget_type=\"spacer.default\">\n\t\t\t\t<div class=\"elementor-widget-container\">\n\t\t\t\t\t\t\t<div class=\"elementor-spacer\">\n\t\t\t<div class=\"elementor-spacer-inner\"><\/div>\n\t\t<\/div>\n\t\t\t\t\t\t<\/div>\n\t\t\t\t<\/div>\n\t\t\t\t\t<\/div>\n\t\t\t\t<\/div>\n\t\t<div class=\"elementor-element elementor-element-30079ada e-flex e-con-boxed cmsmasters-block-default e-con e-parent\" data-id=\"30079ada\" data-element_type=\"container\" data-e-type=\"container\">\n\t\t\t\t\t<div class=\"e-con-inner\">\n\t\t<div class=\"elementor-element elementor-element-11f1301e e-con-full e-flex cmsmasters-bg-hide-none cmsmasters-bg-hide-none cmsmasters-block-default e-con e-child\" data-id=\"11f1301e\" data-element_type=\"container\" data-e-type=\"container\" data-settings=\"{&quot;background_background&quot;:&quot;classic&quot;}\">\n\t\t\t\t<\/div>\n\t\t<div class=\"elementor-element elementor-element-6530e56 e-con-full e-flex cmsmasters-block-default e-con e-child\" data-id=\"6530e56\" data-element_type=\"container\" data-e-type=\"container\">\n\t\t\t\t<div class=\"elementor-element elementor-element-452075e0 cmsmasters-block-default cmsmasters-sticky-default elementor-widget elementor-widget-heading\" data-id=\"452075e0\" data-element_type=\"widget\" data-e-type=\"widget\" data-widget_type=\"heading.default\">\n\t\t\t\t<div class=\"elementor-widget-container\">\n\t\t\t\t\t<h2 class=\"elementor-heading-title elementor-size-default\">Mommy Makeover<\/h2>\t\t\t\t<\/div>\n\t\t\t\t<\/div>\n\t\t\t\t<div class=\"elementor-element elementor-element-1a04c037 cmsmasters-block-default cmsmasters-sticky-default elementor-widget elementor-widget-text-editor\" data-id=\"1a04c037\" data-element_type=\"widget\" data-e-type=\"widget\" data-widget_type=\"text-editor.default\">\n\t\t\t\t<div class=\"elementor-widget-container\">\n\t\t\t\t\t\t\t\t\t<p>It\u2019s 4 procedures in 1 surgical session: Liposuction, Brazilian Butt Lift, Abdominoplasty, and Breast Lift (Mastopexy). Liposuction of fat deposit areas in the upper back, lower back, and waist. Brazilian Butt Lift with the patient\u2019s own fat. Abdominoplasty depending on the abdominal flaccidity of the patient. Breast Lift with or without implants, depending on the patient's desire.<\/p>\t\t\t\t\t\t\t\t<\/div>\n\t\t\t\t<\/div>\n\t\t\t\t<div class=\"elementor-element elementor-element-3745b2e1 elementor-position-inline-start elementor-view-default elementor-mobile-position-block-start cmsmasters-block-default cmsmasters-sticky-default elementor-widget elementor-widget-icon-box\" data-id=\"3745b2e1\" data-element_type=\"widget\" data-e-type=\"widget\" data-widget_type=\"icon-box.default\">\n\t\t\t\t<div class=\"elementor-widget-container\">\n\t\t\t\t\t\t\t<div class=\"elementor-icon-box-wrapper\">\n\n\t\t\t\t\t\t<div class=\"elementor-icon-box-icon\">\n\t\t\t\t<span  class=\"elementor-icon\">\n\t\t\t\t<i aria-hidden=\"true\" class=\"cmsmsdemo-icon- cmsms-demo-icon-time\"><\/i>\t\t\t\t<\/span>\n\t\t\t<\/div>\n\t\t\t\n\t\t\t\t\t\t<div class=\"elementor-icon-box-content\">\n\n\t\t\t\t\t\t\t\t\t<h3 class=\"elementor-icon-box-title\">\n\t\t\t\t\t\t<span  >\n\t\t\t\t\t\t\tTime in the operating room\t\t\t\t\t\t<\/span>\n\t\t\t\t\t<\/h3>\n\t\t\t\t\n\t\t\t\t\t\t\t\t\t<p class=\"elementor-icon-box-description\">\n\t\t\t\t\t\t4-6 hours\n\t\t\t\t\t<\/p>\n\t\t\t\t\n\t\t\t<\/div>\n\t\t\t\n\t\t<\/div>\n\t\t\t\t\t\t<\/div>\n\t\t\t\t<\/div>\n\t\t\t\t<div class=\"elementor-element elementor-element-d789eb5 elementor-position-inline-start elementor-view-default elementor-mobile-position-block-start cmsmasters-block-default cmsmasters-sticky-default elementor-widget elementor-widget-icon-box\" data-id=\"d789eb5\" data-element_type=\"widget\" data-e-type=\"widget\" data-widget_type=\"icon-box.default\">\n\t\t\t\t<div class=\"elementor-widget-container\">\n\t\t\t\t\t\t\t<div class=\"elementor-icon-box-wrapper\">\n\n\t\t\t\t\t\t<div class=\"elementor-icon-box-icon\">\n\t\t\t\t<span  class=\"elementor-icon\">\n\t\t\t\t<i aria-hidden=\"true\" class=\"cmsmsdemo-icon- cmsms-demo-icon-time\"><\/i>\t\t\t\t<\/span>\n\t\t\t<\/div>\n\t\t\t\n\t\t\t\t\t\t<div class=\"elementor-icon-box-content\">\n\n\t\t\t\t\t\t\t\t\t<h3 class=\"elementor-icon-box-title\">\n\t\t\t\t\t\t<span  >\n\t\t\t\t\t\t\tRecovery process and time\t\t\t\t\t\t<\/span>\n\t\t\t\t\t<\/h3>\n\t\t\t\t\n\t\t\t\t\t\t\t\t\t<p class=\"elementor-icon-box-description\">\n\t\t\t\t\t\tTotal recovery time: 4 weeks. Use of special bra and girdle for 1 month. Exercise restricted for 4 weeks. 1 day of hospitalization required.\n\t\t\t\t\t<\/p>\n\t\t\t\t\n\t\t\t<\/div>\n\t\t\t\n\t\t<\/div>\n\t\t\t\t\t\t<\/div>\n\t\t\t\t<\/div>\n\t\t<div class=\"elementor-element elementor-element-3776e530 e-grid e-con-full cmsmasters-block-default e-con e-child\" data-id=\"3776e530\" data-element_type=\"container\" data-e-type=\"container\">\n\t\t\t\t<div class=\"elementor-element elementor-element-6b8da9b1 elementor-align-justify elementor-widget__width-inherit cmsmasters-block-default cmsmasters-sticky-default elementor-widget elementor-widget-button\" data-id=\"6b8da9b1\" data-element_type=\"widget\" data-e-type=\"widget\" data-widget_type=\"button.default\">\n\t\t\t\t<div class=\"elementor-widget-container\">\n\t\t\t\t\t\t\t\t\t<div class=\"elementor-button-wrapper\">\n\t\t\t\t\t<a class=\"elementor-button elementor-button-link elementor-size-sm\" href=\"https:\/\/calendly.com\/drrogeliovillanueva\" target=\"_blank\">\n\t\t\t\t\t\t<span class=\"elementor-button-content-wrapper\">\n\t\t\t\t\t\t<span class=\"elementor-button-icon\">\n\t\t\t\t<svg aria-hidden=\"true\" class=\"e-font-icon-svg e-far-calendar-alt\" viewbox=\"0 0 448 512\" xmlns=\"http:\/\/www.w3.org\/2000\/svg\"><path d=\"M148 288h-40c-6.6 0-12-5.4-12-12v-40c0-6.6 5.4-12 12-12h40c6.6 0 12 5.4 12 12v40c0 6.6-5.4 12-12 12zm108-12v-40c0-6.6-5.4-12-12-12h-40c-6.6 0-12 5.4-12 12v40c0 6.6 5.4 12 12 12h40c6.6 0 12-5.4 12-12zm96 0v-40c0-6.6-5.4-12-12-12h-40c-6.6 0-12 5.4-12 12v40c0 6.6 5.4 12 12 12h40c6.6 0 12-5.4 12-12zm-96 96v-40c0-6.6-5.4-12-12-12h-40c-6.6 0-12 5.4-12 12v40c0 6.6 5.4 12 12 12h40c6.6 0 12-5.4 12-12zm-96 0v-40c0-6.6-5.4-12-12-12h-40c-6.6 0-12 5.4-12 12v40c0 6.6 5.4 12 12 12h40c6.6 0 12-5.4 12-12zm192 0v-40c0-6.6-5.4-12-12-12h-40c-6.6 0-12 5.4-12 12v40c0 6.6 5.4 12 12 12h40c6.6 0 12-5.4 12-12zm96-260v352c0 26.5-21.5 48-48 48H48c-26.5 0-48-21.5-48-48V112c0-26.5 21.5-48 48-48h48V12c0-6.6 5.4-12 12-12h40c6.6 0 12 5.4 12 12v52h128V12c0-6.6 5.4-12 12-12h40c6.6 0 12 5.4 12 12v52h48c26.5 0 48 21.5 48 48zm-48 346V160H48v298c0 3.3 2.7 6 6 6h340c3.3 0 6-2.7 6-6z\"><\/path><\/svg>\t\t\t<\/span>\n\t\t\t\t\t\t\t\t\t<span class=\"elementor-button-text\">BOOK YOUR APPOINTMENT<\/span>\n\t\t\t\t\t<\/span>\n\t\t\t\t\t<\/a>\n\t\t\t\t<\/div>\n\t\t\t\t\t\t\t\t<\/div>\n\t\t\t\t<\/div>\n\t\t\t\t<div class=\"elementor-element elementor-element-339cd1bc elementor-align-justify elementor-widget__width-inherit cmsmasters-block-default cmsmasters-sticky-default elementor-widget elementor-widget-button\" data-id=\"339cd1bc\" data-element_type=\"widget\" data-e-type=\"widget\" data-widget_type=\"button.default\">\n\t\t\t\t<div class=\"elementor-widget-container\">\n\t\t\t\t\t\t\t\t\t<div class=\"elementor-button-wrapper\">\n\t\t\t\t\t<a class=\"elementor-button elementor-button-link elementor-size-sm\" href=\"https:\/\/api.whatsapp.com\/send?phone=5218781114072\" target=\"_blank\">\n\t\t\t\t\t\t<span class=\"elementor-button-content-wrapper\">\n\t\t\t\t\t\t<span class=\"elementor-button-icon\">\n\t\t\t\t<svg aria-hidden=\"true\" class=\"e-font-icon-svg e-fab-whatsapp\" viewbox=\"0 0 448 512\" xmlns=\"http:\/\/www.w3.org\/2000\/svg\"><path d=\"M380.9 97.1C339 55.1 283.2 32 223.9 32c-122.4 0-222 99.6-222 222 0 39.1 10.2 77.3 29.6 111L0 480l117.7-30.9c32.4 17.7 68.9 27 106.1 27h.1c122.3 0 224.1-99.6 224.1-222 0-59.3-25.2-115-67.1-157zm-157 341.6c-33.2 0-65.7-8.9-94-25.7l-6.7-4-69.8 18.3L72 359.2l-4.4-7c-18.5-29.4-28.2-63.3-28.2-98.2 0-101.7 82.8-184.5 184.6-184.5 49.3 0 95.6 19.2 130.4 54.1 34.8 34.9 56.2 81.2 56.1 130.5 0 101.8-84.9 184.6-186.6 184.6zm101.2-138.2c-5.5-2.8-32.8-16.2-37.9-18-5.1-1.9-8.8-2.8-12.5 2.8-3.7 5.6-14.3 18-17.6 21.8-3.2 3.7-6.5 4.2-12 1.4-32.6-16.3-54-29.1-75.5-66-5.7-9.8 5.7-9.1 16.3-30.3 1.8-3.7.9-6.9-.5-9.7-1.4-2.8-12.5-30.1-17.1-41.2-4.5-10.8-9.1-9.3-12.5-9.5-3.2-.2-6.9-.2-10.6-.2-3.7 0-9.7 1.4-14.8 6.9-5.1 5.6-19.4 19-19.4 46.3 0 27.3 19.9 53.7 22.6 57.4 2.8 3.7 39.1 59.7 94.8 83.8 35.2 15.2 49 16.5 66.6 13.9 10.7-1.6 32.8-13.4 37.4-26.4 4.6-13 4.6-24.1 3.2-26.4-1.3-2.5-5-3.9-10.5-6.6z\"><\/path><\/svg>\t\t\t<\/span>\n\t\t\t\t\t\t\t\t\t<span class=\"elementor-button-text\">Send Whatsapp<\/span>\n\t\t\t\t\t<\/span>\n\t\t\t\t\t<\/a>\n\t\t\t\t<\/div>\n\t\t\t\t\t\t\t\t<\/div>\n\t\t\t\t<\/div>\n\t\t\t\t<\/div>\n\t\t\t\t<\/div>\n\t\t\t\t\t<\/div>\n\t\t\t\t<\/div>\n\t\t<div class=\"elementor-element elementor-element-26b27c5c e-flex e-con-boxed cmsmasters-block-default e-con e-parent\" data-id=\"26b27c5c\" data-element_type=\"container\" data-e-type=\"container\">\n\t\t\t\t\t<div class=\"e-con-inner\">\n\t\t\t\t<div class=\"elementor-element elementor-element-7c0d2045 cmsmasters-block-default cmsmasters-sticky-default elementor-widget elementor-widget-spacer\" data-id=\"7c0d2045\" data-element_type=\"widget\" data-e-type=\"widget\" data-widget_type=\"spacer.default\">\n\t\t\t\t<div class=\"elementor-widget-container\">\n\t\t\t\t\t\t\t<div class=\"elementor-spacer\">\n\t\t\t<div class=\"elementor-spacer-inner\"><\/div>\n\t\t<\/div>\n\t\t\t\t\t\t<\/div>\n\t\t\t\t<\/div>\n\t\t\t\t\t<\/div>\n\t\t\t\t<\/div>\n\t\t\t\t<\/div>","protected":false},"excerpt":{"rendered":"<p>Mommy Makeover Son 4 procedimientos en 1 solo tiempo quir\u00fargico: Liposuccion, brazilian butt lift, abdominoplastia y pexia de mama (levantamiento de busto) Liposucci\u00f3n de zonas de dep\u00f3sito graso en espalda alta, baja y cintura. Brazilian buttlift con propia grasa. Abdominoplastia dependiendo de la flacidez abdominal de la paciente. Levantamiento de busto con o sin implantes&#8230;<\/p>","protected":false},"author":1,"featured_media":0,"parent":0,"menu_order":0,"comment_status":"closed","ping_status":"closed","template":"","meta":{"_acf_changed":false,"content-type":"","inline_featured_image":false,"footnotes":""},"class_list":["post-40336","page","type-page","status-publish","hentry"],"acf":[],"yoast_head":"<!-- This site is optimized with the Yoast SEO Premium plugin v24.3 (Yoast SEO v27.2) - https:\/\/yoast.com\/product\/yoast-seo-premium-wordpress\/ -->\n<title>Mommy Makeover - Dr. Rogelio Villanueva<\/title>\n<meta name=\"robots\" content=\"index, follow, max-snippet:-1, max-image-preview:large, max-video-preview:-1\" \/>\n<link rel=\"canonical\" href=\"https:\/\/drrogeliovillanueva.com\/en\/mommy-makeover\/\" \/>\n<meta property=\"og:locale\" content=\"en_US\" \/>\n<meta property=\"og:type\" content=\"article\" \/>\n<meta property=\"og:title\" content=\"Mommy Makeover\" \/>\n<meta property=\"og:description\" content=\"Mommy Makeover Son 4 procedimientos en 1 solo tiempo quir\u00fargico: Liposuccion, brazilian butt lift, abdominoplastia y pexia de mama (levantamiento de busto) Liposucci\u00f3n de zonas de dep\u00f3sito graso en espalda alta, baja y cintura. Brazilian buttlift con propia grasa. Abdominoplastia dependiendo de la flacidez abdominal de la paciente. Levantamiento de busto con o sin implantes...\" \/>\n<meta property=\"og:url\" content=\"https:\/\/drrogeliovillanueva.com\/en\/mommy-makeover\/\" \/>\n<meta property=\"og:site_name\" content=\"Dr. Rogelio Villanueva\" \/>\n<meta property=\"article:publisher\" content=\"https:\/\/www.facebook.com\/DrRogelioVillanueva\/\" \/>\n<meta property=\"article:modified_time\" content=\"2025-02-02T23:42:52+00:00\" \/>\n<meta property=\"og:image\" content=\"https:\/\/drrogeliovillanueva.com\/wp-content\/uploads\/2025\/02\/pres.jpg\" \/>\n\t<meta property=\"og:image:width\" content=\"1200\" \/>\n\t<meta property=\"og:image:height\" content=\"675\" \/>\n\t<meta property=\"og:image:type\" content=\"image\/jpeg\" \/>\n<meta name=\"twitter:card\" content=\"summary_large_image\" \/>\n<meta name=\"twitter:label1\" content=\"Est. reading time\" \/>\n\t<meta name=\"twitter:data1\" content=\"1 minute\" \/>\n<script type=\"application\/ld+json\" class=\"yoast-schema-graph\">{\"@context\":\"https:\/\/schema.org\",\"@graph\":[{\"@type\":\"WebPage\",\"@id\":\"https:\/\/drrogeliovillanueva.com\/en\/mommy-makeover\/\",\"url\":\"https:\/\/drrogeliovillanueva.com\/en\/mommy-makeover\/\",\"name\":\"Mommy Makeover - Dr. Rogelio Villanueva\",\"isPartOf\":{\"@id\":\"https:\/\/drrogeliovillanueva.com\/en\/#website\"},\"datePublished\":\"2025-02-02T23:41:39+00:00\",\"dateModified\":\"2025-02-02T23:42:52+00:00\",\"breadcrumb\":{\"@id\":\"https:\/\/drrogeliovillanueva.com\/en\/mommy-makeover\/#breadcrumb\"},\"inLanguage\":\"en-US\",\"potentialAction\":[{\"@type\":\"ReadAction\",\"target\":[\"https:\/\/drrogeliovillanueva.com\/en\/mommy-makeover\/\"]}]},{\"@type\":\"BreadcrumbList\",\"@id\":\"https:\/\/drrogeliovillanueva.com\/en\/mommy-makeover\/#breadcrumb\",\"itemListElement\":[{\"@type\":\"ListItem\",\"position\":1,\"name\":\"Inicio\",\"item\":\"https:\/\/drrogeliovillanueva.com\/\"},{\"@type\":\"ListItem\",\"position\":2,\"name\":\"Mommy Makeover\"}]},{\"@type\":\"WebSite\",\"@id\":\"https:\/\/drrogeliovillanueva.com\/en\/#website\",\"url\":\"https:\/\/drrogeliovillanueva.com\/en\/\",\"name\":\"Dr Rogelio Villanueva - Cirug\u00eda Pl\u00e1stica en Piedras Negras\",\"description\":\"Resultados que realzan tu belleza natural.\",\"publisher\":{\"@id\":\"https:\/\/drrogeliovillanueva.com\/en\/#organization\"},\"potentialAction\":[{\"@type\":\"SearchAction\",\"target\":{\"@type\":\"EntryPoint\",\"urlTemplate\":\"https:\/\/drrogeliovillanueva.com\/en\/?s={search_term_string}\"},\"query-input\":{\"@type\":\"PropertyValueSpecification\",\"valueRequired\":true,\"valueName\":\"search_term_string\"}}],\"inLanguage\":\"en-US\"},{\"@type\":\"Organization\",\"@id\":\"https:\/\/drrogeliovillanueva.com\/en\/#organization\",\"name\":\"Dr Rogelio Villanueva\",\"url\":\"https:\/\/drrogeliovillanueva.com\/en\/\",\"logo\":{\"@type\":\"ImageObject\",\"inLanguage\":\"en-US\",\"@id\":\"https:\/\/drrogeliovillanueva.com\/en\/#\/schema\/logo\/image\/\",\"url\":\"https:\/\/drrogeliovillanueva.com\/wp-content\/uploads\/2025\/02\/RV-DORADO.jpg\",\"contentUrl\":\"https:\/\/drrogeliovillanueva.com\/wp-content\/uploads\/2025\/02\/RV-DORADO.jpg\",\"width\":2000,\"height\":2000,\"caption\":\"Dr Rogelio Villanueva\"},\"image\":{\"@id\":\"https:\/\/drrogeliovillanueva.com\/en\/#\/schema\/logo\/image\/\"},\"sameAs\":[\"https:\/\/www.facebook.com\/DrRogelioVillanueva\/\",\"https:\/\/www.instagram.com\/drrogeliovillanueva\/\"],\"description\":\"Nos especializamos en ofrecer soluciones personalizadas que realzan tu confianza y resaltan lo mejor de ti.\",\"email\":\"info@drrogeliovillanueva.com\",\"telephone\":\"878 111 4072\",\"legalName\":\"Rogelio Villanueva\",\"numberOfEmployees\":{\"@type\":\"QuantitativeValue\",\"minValue\":\"1\",\"maxValue\":\"10\"}}]}<\/script>\n<!-- \/ Yoast SEO Premium plugin. -->","yoast_head_json":{"title":"Mommy Makeover - Dr. Rogelio Villanueva","robots":{"index":"index","follow":"follow","max-snippet":"max-snippet:-1","max-image-preview":"max-image-preview:large","max-video-preview":"max-video-preview:-1"},"canonical":"https:\/\/drrogeliovillanueva.com\/en\/mommy-makeover\/","og_locale":"en_US","og_type":"article","og_title":"Mommy Makeover","og_description":"Mommy Makeover Son 4 procedimientos en 1 solo tiempo quir\u00fargico: Liposuccion, brazilian butt lift, abdominoplastia y pexia de mama (levantamiento de busto) Liposucci\u00f3n de zonas de dep\u00f3sito graso en espalda alta, baja y cintura. Brazilian buttlift con propia grasa. Abdominoplastia dependiendo de la flacidez abdominal de la paciente. Levantamiento de busto con o sin implantes...","og_url":"https:\/\/drrogeliovillanueva.com\/en\/mommy-makeover\/","og_site_name":"Dr. Rogelio Villanueva","article_publisher":"https:\/\/www.facebook.com\/DrRogelioVillanueva\/","article_modified_time":"2025-02-02T23:42:52+00:00","og_image":[{"width":1200,"height":675,"url":"https:\/\/drrogeliovillanueva.com\/wp-content\/uploads\/2025\/02\/pres.jpg","type":"image\/jpeg"}],"twitter_card":"summary_large_image","twitter_misc":{"Est. reading time":"1 minute"},"schema":{"@context":"https:\/\/schema.org","@graph":[{"@type":"WebPage","@id":"https:\/\/drrogeliovillanueva.com\/en\/mommy-makeover\/","url":"https:\/\/drrogeliovillanueva.com\/en\/mommy-makeover\/","name":"Mommy Makeover - Dr. Rogelio Villanueva","isPartOf":{"@id":"https:\/\/drrogeliovillanueva.com\/en\/#website"},"datePublished":"2025-02-02T23:41:39+00:00","dateModified":"2025-02-02T23:42:52+00:00","breadcrumb":{"@id":"https:\/\/drrogeliovillanueva.com\/en\/mommy-makeover\/#breadcrumb"},"inLanguage":"en-US","potentialAction":[{"@type":"ReadAction","target":["https:\/\/drrogeliovillanueva.com\/en\/mommy-makeover\/"]}]},{"@type":"BreadcrumbList","@id":"https:\/\/drrogeliovillanueva.com\/en\/mommy-makeover\/#breadcrumb","itemListElement":[{"@type":"ListItem","position":1,"name":"Inicio","item":"https:\/\/drrogeliovillanueva.com\/"},{"@type":"ListItem","position":2,"name":"Mommy Makeover"}]},{"@type":"WebSite","@id":"https:\/\/drrogeliovillanueva.com\/en\/#website","url":"https:\/\/drrogeliovillanueva.com\/en\/","name":"Dr Rogelio Villanueva - Cirug\u00eda Pl\u00e1stica en Piedras Negras","description":"Resultados que realzan tu belleza natural.","publisher":{"@id":"https:\/\/drrogeliovillanueva.com\/en\/#organization"},"potentialAction":[{"@type":"SearchAction","target":{"@type":"EntryPoint","urlTemplate":"https:\/\/drrogeliovillanueva.com\/en\/?s={search_term_string}"},"query-input":{"@type":"PropertyValueSpecification","valueRequired":true,"valueName":"search_term_string"}}],"inLanguage":"en-US"},{"@type":"Organization","@id":"https:\/\/drrogeliovillanueva.com\/en\/#organization","name":"Dr Rogelio Villanueva","url":"https:\/\/drrogeliovillanueva.com\/en\/","logo":{"@type":"ImageObject","inLanguage":"en-US","@id":"https:\/\/drrogeliovillanueva.com\/en\/#\/schema\/logo\/image\/","url":"https:\/\/drrogeliovillanueva.com\/wp-content\/uploads\/2025\/02\/RV-DORADO.jpg","contentUrl":"https:\/\/drrogeliovillanueva.com\/wp-content\/uploads\/2025\/02\/RV-DORADO.jpg","width":2000,"height":2000,"caption":"Dr Rogelio Villanueva"},"image":{"@id":"https:\/\/drrogeliovillanueva.com\/en\/#\/schema\/logo\/image\/"},"sameAs":["https:\/\/www.facebook.com\/DrRogelioVillanueva\/","https:\/\/www.instagram.com\/drrogeliovillanueva\/"],"description":"Nos especializamos en ofrecer soluciones personalizadas que realzan tu confianza y resaltan lo mejor de ti.","email":"info@drrogeliovillanueva.com","telephone":"878 111 4072","legalName":"Rogelio Villanueva","numberOfEmployees":{"@type":"QuantitativeValue","minValue":"1","maxValue":"10"}}]}},"_links":{"self":[{"href":"https:\/\/drrogeliovillanueva.com\/en\/wp-json\/wp\/v2\/pages\/40336","targetHints":{"allow":["GET"]}}],"collection":[{"href":"https:\/\/drrogeliovillanueva.com\/en\/wp-json\/wp\/v2\/pages"}],"about":[{"href":"https:\/\/drrogeliovillanueva.com\/en\/wp-json\/wp\/v2\/types\/page"}],"author":[{"embeddable":true,"href":"https:\/\/drrogeliovillanueva.com\/en\/wp-json\/wp\/v2\/users\/1"}],"replies":[{"embeddable":true,"href":"https:\/\/drrogeliovillanueva.com\/en\/wp-json\/wp\/v2\/comments?post=40336"}],"version-history":[{"count":4,"href":"https:\/\/drrogeliovillanueva.com\/en\/wp-json\/wp\/v2\/pages\/40336\/revisions"}],"predecessor-version":[{"id":40341,"href":"https:\/\/drrogeliovillanueva.com\/en\/wp-json\/wp\/v2\/pages\/40336\/revisions\/40341"}],"wp:attachment":[{"href":"https:\/\/drrogeliovillanueva.com\/en\/wp-json\/wp\/v2\/media?parent=40336"}],"curies":[{"name":"wp","href":"https:\/\/api.w.org\/{rel}","templated":true}]}}