{"id":40297,"date":"2025-02-02T23:08:38","date_gmt":"2025-02-02T23:08:38","guid":{"rendered":"https:\/\/drrogeliovillanueva.com\/beta\/?page_id=40297"},"modified":"2025-02-06T13:06:12","modified_gmt":"2025-02-06T19:06:12","slug":"liposuccion-hd","status":"publish","type":"page","link":"https:\/\/drrogeliovillanueva.com\/en\/liposuccion-hd\/","title":{"rendered":"HD liposuction"},"content":{"rendered":"<div data-elementor-type=\"wp-page\" data-elementor-id=\"40297\" class=\"elementor elementor-40297\">\n\t\t\t\t<div class=\"elementor-element elementor-element-2e2bf8b e-flex e-con-boxed cmsmasters-block-default e-con e-parent\" data-id=\"2e2bf8b\" data-element_type=\"container\" data-e-type=\"container\">\n\t\t\t\t\t<div class=\"e-con-inner\">\n\t\t\t\t<div class=\"elementor-element elementor-element-3d42fcd cmsmasters-block-default cmsmasters-sticky-default elementor-widget elementor-widget-spacer\" data-id=\"3d42fcd\" data-element_type=\"widget\" data-e-type=\"widget\" data-widget_type=\"spacer.default\">\n\t\t\t\t<div class=\"elementor-widget-container\">\n\t\t\t\t\t\t\t<div class=\"elementor-spacer\">\n\t\t\t<div class=\"elementor-spacer-inner\"><\/div>\n\t\t<\/div>\n\t\t\t\t\t\t<\/div>\n\t\t\t\t<\/div>\n\t\t\t\t\t<\/div>\n\t\t\t\t<\/div>\n\t\t<div class=\"elementor-element elementor-element-d783938 e-flex e-con-boxed cmsmasters-block-default e-con e-parent\" data-id=\"d783938\" data-element_type=\"container\" data-e-type=\"container\">\n\t\t\t\t\t<div class=\"e-con-inner\">\n\t\t<div class=\"elementor-element elementor-element-bfab9f1 e-con-full e-flex cmsmasters-bg-hide-none cmsmasters-bg-hide-none cmsmasters-block-default e-con e-child\" data-id=\"bfab9f1\" data-element_type=\"container\" data-e-type=\"container\" data-settings=\"{&quot;background_background&quot;:&quot;classic&quot;}\">\n\t\t\t\t<\/div>\n\t\t<div class=\"elementor-element elementor-element-3de458a e-con-full e-flex cmsmasters-block-default e-con e-child\" data-id=\"3de458a\" data-element_type=\"container\" data-e-type=\"container\">\n\t\t\t\t<div class=\"elementor-element elementor-element-fc822a9 cmsmasters-block-default cmsmasters-sticky-default elementor-widget elementor-widget-heading\" data-id=\"fc822a9\" data-element_type=\"widget\" data-e-type=\"widget\" data-widget_type=\"heading.default\">\n\t\t\t\t<div class=\"elementor-widget-container\">\n\t\t\t\t\t<h2 class=\"elementor-heading-title elementor-size-default\">HD liposuction<\/h2>\t\t\t\t<\/div>\n\t\t\t\t<\/div>\n\t\t\t\t<div class=\"elementor-element elementor-element-5636260 cmsmasters-block-default cmsmasters-sticky-default elementor-widget elementor-widget-text-editor\" data-id=\"5636260\" data-element_type=\"widget\" data-e-type=\"widget\" data-widget_type=\"text-editor.default\">\n\t\t\t\t<div class=\"elementor-widget-container\">\n\t\t\t\t\t\t\t\t\t<p>Aspirate fat from specific areas (waist, upper and lower back, and abdomen) to achieve an aesthetic and athletic body contour according to the patient's expectations. In the abdominal area, an athletic definition is performed (rectus abdominis muscle or \"six-pack,\" as well as the obliques). The total amount of fat obtained is transferred to the buttocks to enhance shape and volume (Brazilian Butt Lift).<\/p>\t\t\t\t\t\t\t\t<\/div>\n\t\t\t\t<\/div>\n\t\t\t\t<div class=\"elementor-element elementor-element-ea82a25 elementor-position-inline-start elementor-view-default elementor-mobile-position-block-start cmsmasters-block-default cmsmasters-sticky-default elementor-widget elementor-widget-icon-box\" data-id=\"ea82a25\" data-element_type=\"widget\" data-e-type=\"widget\" data-widget_type=\"icon-box.default\">\n\t\t\t\t<div class=\"elementor-widget-container\">\n\t\t\t\t\t\t\t<div class=\"elementor-icon-box-wrapper\">\n\n\t\t\t\t\t\t<div class=\"elementor-icon-box-icon\">\n\t\t\t\t<span  class=\"elementor-icon\">\n\t\t\t\t<i aria-hidden=\"true\" class=\"cmsmsdemo-icon- cmsms-demo-icon-time\"><\/i>\t\t\t\t<\/span>\n\t\t\t<\/div>\n\t\t\t\n\t\t\t\t\t\t<div class=\"elementor-icon-box-content\">\n\n\t\t\t\t\t\t\t\t\t<h3 class=\"elementor-icon-box-title\">\n\t\t\t\t\t\t<span  >\n\t\t\t\t\t\t\tTime in the operating room\t\t\t\t\t\t<\/span>\n\t\t\t\t\t<\/h3>\n\t\t\t\t\n\t\t\t\t\t\t\t\t\t<p class=\"elementor-icon-box-description\">\n\t\t\t\t\t\t3-5 hours\n\t\t\t\t\t<\/p>\n\t\t\t\t\n\t\t\t<\/div>\n\t\t\t\n\t\t<\/div>\n\t\t\t\t\t\t<\/div>\n\t\t\t\t<\/div>\n\t\t\t\t<div class=\"elementor-element elementor-element-8833f52 elementor-position-inline-start elementor-view-default elementor-mobile-position-block-start cmsmasters-block-default cmsmasters-sticky-default elementor-widget elementor-widget-icon-box\" data-id=\"8833f52\" data-element_type=\"widget\" data-e-type=\"widget\" data-widget_type=\"icon-box.default\">\n\t\t\t\t<div class=\"elementor-widget-container\">\n\t\t\t\t\t\t\t<div class=\"elementor-icon-box-wrapper\">\n\n\t\t\t\t\t\t<div class=\"elementor-icon-box-icon\">\n\t\t\t\t<span  class=\"elementor-icon\">\n\t\t\t\t<i aria-hidden=\"true\" class=\"cmsmsdemo-icon- cmsms-demo-icon-time\"><\/i>\t\t\t\t<\/span>\n\t\t\t<\/div>\n\t\t\t\n\t\t\t\t\t\t<div class=\"elementor-icon-box-content\">\n\n\t\t\t\t\t\t\t\t\t<h3 class=\"elementor-icon-box-title\">\n\t\t\t\t\t\t<span  >\n\t\t\t\t\t\t\tRecovery process and time\t\t\t\t\t\t<\/span>\n\t\t\t\t\t<\/h3>\n\t\t\t\t\n\t\t\t\t\t\t\t\t\t<p class=\"elementor-icon-box-description\">\n\t\t\t\t\t\tEstimated recovery time: 3 weeks. Use of special girdle for 1 month. Ultrasound lymphatic drainage massage sessions.\t\t\t\t\t<\/p>\n\t\t\t\t\n\t\t\t<\/div>\n\t\t\t\n\t\t<\/div>\n\t\t\t\t\t\t<\/div>\n\t\t\t\t<\/div>\n\t\t<div class=\"elementor-element elementor-element-c443909 e-grid e-con-full cmsmasters-block-default e-con e-child\" data-id=\"c443909\" data-element_type=\"container\" data-e-type=\"container\">\n\t\t\t\t<div class=\"elementor-element elementor-element-1da6c87 elementor-align-justify elementor-widget__width-inherit cmsmasters-block-default cmsmasters-sticky-default elementor-widget elementor-widget-button\" data-id=\"1da6c87\" data-element_type=\"widget\" data-e-type=\"widget\" data-widget_type=\"button.default\">\n\t\t\t\t<div class=\"elementor-widget-container\">\n\t\t\t\t\t\t\t\t\t<div class=\"elementor-button-wrapper\">\n\t\t\t\t\t<a class=\"elementor-button elementor-button-link elementor-size-sm\" href=\"https:\/\/calendly.com\/drrogeliovillanueva\" target=\"_blank\">\n\t\t\t\t\t\t<span class=\"elementor-button-content-wrapper\">\n\t\t\t\t\t\t<span class=\"elementor-button-icon\">\n\t\t\t\t<svg aria-hidden=\"true\" class=\"e-font-icon-svg e-far-calendar-alt\" viewbox=\"0 0 448 512\" xmlns=\"http:\/\/www.w3.org\/2000\/svg\"><path d=\"M148 288h-40c-6.6 0-12-5.4-12-12v-40c0-6.6 5.4-12 12-12h40c6.6 0 12 5.4 12 12v40c0 6.6-5.4 12-12 12zm108-12v-40c0-6.6-5.4-12-12-12h-40c-6.6 0-12 5.4-12 12v40c0 6.6 5.4 12 12 12h40c6.6 0 12-5.4 12-12zm96 0v-40c0-6.6-5.4-12-12-12h-40c-6.6 0-12 5.4-12 12v40c0 6.6 5.4 12 12 12h40c6.6 0 12-5.4 12-12zm-96 96v-40c0-6.6-5.4-12-12-12h-40c-6.6 0-12 5.4-12 12v40c0 6.6 5.4 12 12 12h40c6.6 0 12-5.4 12-12zm-96 0v-40c0-6.6-5.4-12-12-12h-40c-6.6 0-12 5.4-12 12v40c0 6.6 5.4 12 12 12h40c6.6 0 12-5.4 12-12zm192 0v-40c0-6.6-5.4-12-12-12h-40c-6.6 0-12 5.4-12 12v40c0 6.6 5.4 12 12 12h40c6.6 0 12-5.4 12-12zm96-260v352c0 26.5-21.5 48-48 48H48c-26.5 0-48-21.5-48-48V112c0-26.5 21.5-48 48-48h48V12c0-6.6 5.4-12 12-12h40c6.6 0 12 5.4 12 12v52h128V12c0-6.6 5.4-12 12-12h40c6.6 0 12 5.4 12 12v52h48c26.5 0 48 21.5 48 48zm-48 346V160H48v298c0 3.3 2.7 6 6 6h340c3.3 0 6-2.7 6-6z\"><\/path><\/svg>\t\t\t<\/span>\n\t\t\t\t\t\t\t\t\t<span class=\"elementor-button-text\">BOOK YOUR APPOINTMENT<\/span>\n\t\t\t\t\t<\/span>\n\t\t\t\t\t<\/a>\n\t\t\t\t<\/div>\n\t\t\t\t\t\t\t\t<\/div>\n\t\t\t\t<\/div>\n\t\t\t\t<div class=\"elementor-element elementor-element-50c36bc elementor-align-justify elementor-widget__width-inherit cmsmasters-block-default cmsmasters-sticky-default elementor-widget elementor-widget-button\" data-id=\"50c36bc\" data-element_type=\"widget\" data-e-type=\"widget\" data-widget_type=\"button.default\">\n\t\t\t\t<div class=\"elementor-widget-container\">\n\t\t\t\t\t\t\t\t\t<div class=\"elementor-button-wrapper\">\n\t\t\t\t\t<a class=\"elementor-button elementor-button-link elementor-size-sm\" href=\"https:\/\/api.whatsapp.com\/send?phone=5218781114072\" target=\"_blank\">\n\t\t\t\t\t\t<span class=\"elementor-button-content-wrapper\">\n\t\t\t\t\t\t<span class=\"elementor-button-icon\">\n\t\t\t\t<svg aria-hidden=\"true\" class=\"e-font-icon-svg e-fab-whatsapp\" viewbox=\"0 0 448 512\" xmlns=\"http:\/\/www.w3.org\/2000\/svg\"><path d=\"M380.9 97.1C339 55.1 283.2 32 223.9 32c-122.4 0-222 99.6-222 222 0 39.1 10.2 77.3 29.6 111L0 480l117.7-30.9c32.4 17.7 68.9 27 106.1 27h.1c122.3 0 224.1-99.6 224.1-222 0-59.3-25.2-115-67.1-157zm-157 341.6c-33.2 0-65.7-8.9-94-25.7l-6.7-4-69.8 18.3L72 359.2l-4.4-7c-18.5-29.4-28.2-63.3-28.2-98.2 0-101.7 82.8-184.5 184.6-184.5 49.3 0 95.6 19.2 130.4 54.1 34.8 34.9 56.2 81.2 56.1 130.5 0 101.8-84.9 184.6-186.6 184.6zm101.2-138.2c-5.5-2.8-32.8-16.2-37.9-18-5.1-1.9-8.8-2.8-12.5 2.8-3.7 5.6-14.3 18-17.6 21.8-3.2 3.7-6.5 4.2-12 1.4-32.6-16.3-54-29.1-75.5-66-5.7-9.8 5.7-9.1 16.3-30.3 1.8-3.7.9-6.9-.5-9.7-1.4-2.8-12.5-30.1-17.1-41.2-4.5-10.8-9.1-9.3-12.5-9.5-3.2-.2-6.9-.2-10.6-.2-3.7 0-9.7 1.4-14.8 6.9-5.1 5.6-19.4 19-19.4 46.3 0 27.3 19.9 53.7 22.6 57.4 2.8 3.7 39.1 59.7 94.8 83.8 35.2 15.2 49 16.5 66.6 13.9 10.7-1.6 32.8-13.4 37.4-26.4 4.6-13 4.6-24.1 3.2-26.4-1.3-2.5-5-3.9-10.5-6.6z\"><\/path><\/svg>\t\t\t<\/span>\n\t\t\t\t\t\t\t\t\t<span class=\"elementor-button-text\">Send Whatsapp<\/span>\n\t\t\t\t\t<\/span>\n\t\t\t\t\t<\/a>\n\t\t\t\t<\/div>\n\t\t\t\t\t\t\t\t<\/div>\n\t\t\t\t<\/div>\n\t\t\t\t<\/div>\n\t\t\t\t<\/div>\n\t\t\t\t\t<\/div>\n\t\t\t\t<\/div>\n\t\t<div class=\"elementor-element elementor-element-95a9bd7 e-flex e-con-boxed cmsmasters-block-default e-con e-parent\" data-id=\"95a9bd7\" data-element_type=\"container\" data-e-type=\"container\">\n\t\t\t\t\t<div class=\"e-con-inner\">\n\t\t\t\t<div class=\"elementor-element elementor-element-94737fd cmsmasters-block-default cmsmasters-sticky-default elementor-widget elementor-widget-spacer\" data-id=\"94737fd\" data-element_type=\"widget\" data-e-type=\"widget\" data-widget_type=\"spacer.default\">\n\t\t\t\t<div class=\"elementor-widget-container\">\n\t\t\t\t\t\t\t<div class=\"elementor-spacer\">\n\t\t\t<div class=\"elementor-spacer-inner\"><\/div>\n\t\t<\/div>\n\t\t\t\t\t\t<\/div>\n\t\t\t\t<\/div>\n\t\t\t\t\t<\/div>\n\t\t\t\t<\/div>\n\t\t\t\t<\/div>","protected":false},"excerpt":{"rendered":"<p>Liposucci\u00f3n HD Aspirar la grasa en zonas determinadas (Cintura, espalda alta, baja y abdomen.) para lograr un contorno corporal, est\u00e9tico, atl\u00e9tico, de acuerdo con las expectativas del paciente. A nivel abdominal se realiza un marcaje atl\u00e9tico (musculo recto anterior del abdomen o \u201ccuadritos\u201d, asi como los oblicuos). La totalidad de la grasa obtenida se transfiere&#8230;<\/p>","protected":false},"author":1,"featured_media":0,"parent":0,"menu_order":0,"comment_status":"closed","ping_status":"closed","template":"","meta":{"_acf_changed":false,"content-type":"","inline_featured_image":false,"footnotes":""},"class_list":["post-40297","page","type-page","status-publish","hentry"],"acf":[],"yoast_head":"<!-- This site is optimized with the Yoast SEO Premium plugin v24.3 (Yoast SEO v27.2) - https:\/\/yoast.com\/product\/yoast-seo-premium-wordpress\/ -->\n<title>Liposucci\u00f3n hd - Dr. Rogelio Villanueva<\/title>\n<meta name=\"robots\" content=\"index, follow, max-snippet:-1, max-image-preview:large, max-video-preview:-1\" \/>\n<link rel=\"canonical\" href=\"https:\/\/drrogeliovillanueva.com\/en\/liposuccion-hd\/\" \/>\n<meta property=\"og:locale\" content=\"en_US\" \/>\n<meta property=\"og:type\" content=\"article\" \/>\n<meta property=\"og:title\" content=\"Liposucci\u00f3n hd\" \/>\n<meta property=\"og:description\" content=\"Liposucci\u00f3n HD Aspirar la grasa en zonas determinadas (Cintura, espalda alta, baja y abdomen.) para lograr un contorno corporal, est\u00e9tico, atl\u00e9tico, de acuerdo con las expectativas del paciente. A nivel abdominal se realiza un marcaje atl\u00e9tico (musculo recto anterior del abdomen o \u201ccuadritos\u201d, asi como los oblicuos). La totalidad de la grasa obtenida se transfiere...\" \/>\n<meta property=\"og:url\" content=\"https:\/\/drrogeliovillanueva.com\/en\/liposuccion-hd\/\" \/>\n<meta property=\"og:site_name\" content=\"Dr. Rogelio Villanueva\" \/>\n<meta property=\"article:publisher\" content=\"https:\/\/www.facebook.com\/DrRogelioVillanueva\/\" \/>\n<meta property=\"article:modified_time\" content=\"2025-02-06T19:06:12+00:00\" \/>\n<meta property=\"og:image\" content=\"https:\/\/drrogeliovillanueva.com\/wp-content\/uploads\/2025\/02\/pres.jpg\" \/>\n\t<meta property=\"og:image:width\" content=\"1200\" \/>\n\t<meta property=\"og:image:height\" content=\"675\" \/>\n\t<meta property=\"og:image:type\" content=\"image\/jpeg\" \/>\n<meta name=\"twitter:card\" content=\"summary_large_image\" \/>\n<meta name=\"twitter:label1\" content=\"Est. reading time\" \/>\n\t<meta name=\"twitter:data1\" content=\"1 minute\" \/>\n<script type=\"application\/ld+json\" class=\"yoast-schema-graph\">{\"@context\":\"https:\/\/schema.org\",\"@graph\":[{\"@type\":\"WebPage\",\"@id\":\"https:\/\/drrogeliovillanueva.com\/liposuccion-hd\/\",\"url\":\"https:\/\/drrogeliovillanueva.com\/liposuccion-hd\/\",\"name\":\"Liposucci\u00f3n hd - Dr. Rogelio Villanueva\",\"isPartOf\":{\"@id\":\"https:\/\/drrogeliovillanueva.com\/en\/#website\"},\"datePublished\":\"2025-02-02T23:08:38+00:00\",\"dateModified\":\"2025-02-06T19:06:12+00:00\",\"breadcrumb\":{\"@id\":\"https:\/\/drrogeliovillanueva.com\/liposuccion-hd\/#breadcrumb\"},\"inLanguage\":\"en-US\",\"potentialAction\":[{\"@type\":\"ReadAction\",\"target\":[\"https:\/\/drrogeliovillanueva.com\/liposuccion-hd\/\"]}]},{\"@type\":\"BreadcrumbList\",\"@id\":\"https:\/\/drrogeliovillanueva.com\/liposuccion-hd\/#breadcrumb\",\"itemListElement\":[{\"@type\":\"ListItem\",\"position\":1,\"name\":\"Inicio\",\"item\":\"https:\/\/drrogeliovillanueva.com\/\"},{\"@type\":\"ListItem\",\"position\":2,\"name\":\"Liposucci\u00f3n hd\"}]},{\"@type\":\"WebSite\",\"@id\":\"https:\/\/drrogeliovillanueva.com\/en\/#website\",\"url\":\"https:\/\/drrogeliovillanueva.com\/en\/\",\"name\":\"Dr Rogelio Villanueva - Cirug\u00eda Pl\u00e1stica en Piedras Negras\",\"description\":\"Resultados que realzan tu belleza natural.\",\"publisher\":{\"@id\":\"https:\/\/drrogeliovillanueva.com\/en\/#organization\"},\"potentialAction\":[{\"@type\":\"SearchAction\",\"target\":{\"@type\":\"EntryPoint\",\"urlTemplate\":\"https:\/\/drrogeliovillanueva.com\/en\/?s={search_term_string}\"},\"query-input\":{\"@type\":\"PropertyValueSpecification\",\"valueRequired\":true,\"valueName\":\"search_term_string\"}}],\"inLanguage\":\"en-US\"},{\"@type\":\"Organization\",\"@id\":\"https:\/\/drrogeliovillanueva.com\/en\/#organization\",\"name\":\"Dr Rogelio Villanueva\",\"url\":\"https:\/\/drrogeliovillanueva.com\/en\/\",\"logo\":{\"@type\":\"ImageObject\",\"inLanguage\":\"en-US\",\"@id\":\"https:\/\/drrogeliovillanueva.com\/en\/#\/schema\/logo\/image\/\",\"url\":\"https:\/\/drrogeliovillanueva.com\/wp-content\/uploads\/2025\/02\/RV-DORADO.jpg\",\"contentUrl\":\"https:\/\/drrogeliovillanueva.com\/wp-content\/uploads\/2025\/02\/RV-DORADO.jpg\",\"width\":2000,\"height\":2000,\"caption\":\"Dr Rogelio Villanueva\"},\"image\":{\"@id\":\"https:\/\/drrogeliovillanueva.com\/en\/#\/schema\/logo\/image\/\"},\"sameAs\":[\"https:\/\/www.facebook.com\/DrRogelioVillanueva\/\",\"https:\/\/www.instagram.com\/drrogeliovillanueva\/\"],\"description\":\"Nos especializamos en ofrecer soluciones personalizadas que realzan tu confianza y resaltan lo mejor de ti.\",\"email\":\"info@drrogeliovillanueva.com\",\"telephone\":\"878 111 4072\",\"legalName\":\"Rogelio Villanueva\",\"numberOfEmployees\":{\"@type\":\"QuantitativeValue\",\"minValue\":\"1\",\"maxValue\":\"10\"}}]}<\/script>\n<!-- \/ Yoast SEO Premium plugin. -->","yoast_head_json":{"title":"Liposucci\u00f3n hd - Dr. Rogelio Villanueva","robots":{"index":"index","follow":"follow","max-snippet":"max-snippet:-1","max-image-preview":"max-image-preview:large","max-video-preview":"max-video-preview:-1"},"canonical":"https:\/\/drrogeliovillanueva.com\/en\/liposuccion-hd\/","og_locale":"en_US","og_type":"article","og_title":"Liposucci\u00f3n hd","og_description":"Liposucci\u00f3n HD Aspirar la grasa en zonas determinadas (Cintura, espalda alta, baja y abdomen.) para lograr un contorno corporal, est\u00e9tico, atl\u00e9tico, de acuerdo con las expectativas del paciente. A nivel abdominal se realiza un marcaje atl\u00e9tico (musculo recto anterior del abdomen o \u201ccuadritos\u201d, asi como los oblicuos). La totalidad de la grasa obtenida se transfiere...","og_url":"https:\/\/drrogeliovillanueva.com\/en\/liposuccion-hd\/","og_site_name":"Dr. Rogelio Villanueva","article_publisher":"https:\/\/www.facebook.com\/DrRogelioVillanueva\/","article_modified_time":"2025-02-06T19:06:12+00:00","og_image":[{"width":1200,"height":675,"url":"https:\/\/drrogeliovillanueva.com\/wp-content\/uploads\/2025\/02\/pres.jpg","type":"image\/jpeg"}],"twitter_card":"summary_large_image","twitter_misc":{"Est. reading time":"1 minute"},"schema":{"@context":"https:\/\/schema.org","@graph":[{"@type":"WebPage","@id":"https:\/\/drrogeliovillanueva.com\/liposuccion-hd\/","url":"https:\/\/drrogeliovillanueva.com\/liposuccion-hd\/","name":"Liposucci\u00f3n hd - Dr. Rogelio Villanueva","isPartOf":{"@id":"https:\/\/drrogeliovillanueva.com\/en\/#website"},"datePublished":"2025-02-02T23:08:38+00:00","dateModified":"2025-02-06T19:06:12+00:00","breadcrumb":{"@id":"https:\/\/drrogeliovillanueva.com\/liposuccion-hd\/#breadcrumb"},"inLanguage":"en-US","potentialAction":[{"@type":"ReadAction","target":["https:\/\/drrogeliovillanueva.com\/liposuccion-hd\/"]}]},{"@type":"BreadcrumbList","@id":"https:\/\/drrogeliovillanueva.com\/liposuccion-hd\/#breadcrumb","itemListElement":[{"@type":"ListItem","position":1,"name":"Inicio","item":"https:\/\/drrogeliovillanueva.com\/"},{"@type":"ListItem","position":2,"name":"Liposucci\u00f3n hd"}]},{"@type":"WebSite","@id":"https:\/\/drrogeliovillanueva.com\/en\/#website","url":"https:\/\/drrogeliovillanueva.com\/en\/","name":"Dr Rogelio Villanueva - Cirug\u00eda Pl\u00e1stica en Piedras Negras","description":"Resultados que realzan tu belleza natural.","publisher":{"@id":"https:\/\/drrogeliovillanueva.com\/en\/#organization"},"potentialAction":[{"@type":"SearchAction","target":{"@type":"EntryPoint","urlTemplate":"https:\/\/drrogeliovillanueva.com\/en\/?s={search_term_string}"},"query-input":{"@type":"PropertyValueSpecification","valueRequired":true,"valueName":"search_term_string"}}],"inLanguage":"en-US"},{"@type":"Organization","@id":"https:\/\/drrogeliovillanueva.com\/en\/#organization","name":"Dr Rogelio Villanueva","url":"https:\/\/drrogeliovillanueva.com\/en\/","logo":{"@type":"ImageObject","inLanguage":"en-US","@id":"https:\/\/drrogeliovillanueva.com\/en\/#\/schema\/logo\/image\/","url":"https:\/\/drrogeliovillanueva.com\/wp-content\/uploads\/2025\/02\/RV-DORADO.jpg","contentUrl":"https:\/\/drrogeliovillanueva.com\/wp-content\/uploads\/2025\/02\/RV-DORADO.jpg","width":2000,"height":2000,"caption":"Dr Rogelio Villanueva"},"image":{"@id":"https:\/\/drrogeliovillanueva.com\/en\/#\/schema\/logo\/image\/"},"sameAs":["https:\/\/www.facebook.com\/DrRogelioVillanueva\/","https:\/\/www.instagram.com\/drrogeliovillanueva\/"],"description":"Nos especializamos en ofrecer soluciones personalizadas que realzan tu confianza y resaltan lo mejor de ti.","email":"info@drrogeliovillanueva.com","telephone":"878 111 4072","legalName":"Rogelio Villanueva","numberOfEmployees":{"@type":"QuantitativeValue","minValue":"1","maxValue":"10"}}]}},"_links":{"self":[{"href":"https:\/\/drrogeliovillanueva.com\/en\/wp-json\/wp\/v2\/pages\/40297","targetHints":{"allow":["GET"]}}],"collection":[{"href":"https:\/\/drrogeliovillanueva.com\/en\/wp-json\/wp\/v2\/pages"}],"about":[{"href":"https:\/\/drrogeliovillanueva.com\/en\/wp-json\/wp\/v2\/types\/page"}],"author":[{"embeddable":true,"href":"https:\/\/drrogeliovillanueva.com\/en\/wp-json\/wp\/v2\/users\/1"}],"replies":[{"embeddable":true,"href":"https:\/\/drrogeliovillanueva.com\/en\/wp-json\/wp\/v2\/comments?post=40297"}],"version-history":[{"count":25,"href":"https:\/\/drrogeliovillanueva.com\/en\/wp-json\/wp\/v2\/pages\/40297\/revisions"}],"predecessor-version":[{"id":40745,"href":"https:\/\/drrogeliovillanueva.com\/en\/wp-json\/wp\/v2\/pages\/40297\/revisions\/40745"}],"wp:attachment":[{"href":"https:\/\/drrogeliovillanueva.com\/en\/wp-json\/wp\/v2\/media?parent=40297"}],"curies":[{"name":"wp","href":"https:\/\/api.w.org\/{rel}","templated":true}]}}